{"id":726,"date":"2026-02-20T12:42:22","date_gmt":"2026-02-20T11:42:22","guid":{"rendered":"https:\/\/sansserif.fr\/?page_id=726"},"modified":"2026-02-20T12:44:43","modified_gmt":"2026-02-20T11:44:43","slug":"bib","status":"publish","type":"page","link":"https:\/\/sansserif.fr\/?page_id=726","title":{"rendered":"Bib"},"content":{"rendered":"\n<div class=\"wp-block-group alignfull has-ti-bg-background-color has-background is-layout-flow wp-block-group-is-layout-flow\" style=\"padding-top:6vw;padding-right:6vw;padding-bottom:6vw;padding-left:6vw\">\n<div class=\"wp-block-group is-vertical is-nowrap is-layout-flex wp-container-core-group-is-layout-36fd9ea3 wp-block-group-is-layout-flex\" style=\"padding-right:0;padding-left:0\">\n<h6 class=\"wp-block-heading has-text-color\" id=\"ecosystem\" style=\"color:#000000;font-size:16px\">Graphisme<\/h6>\n\n\n\n<p class=\"has-text-color\" style=\"color:#000000;font-size:6vw;font-style:normal;font-weight:700;letter-spacing:0px;line-height:0.9;text-decoration:none;text-transform:none\">Cuv\u00e9e Zitoun<\/p>\n<\/div>\n\n\n\n<div style=\"height:1vw\" aria-hidden=\"true\" class=\"wp-block-spacer\"><\/div>\n\n\n\n<div class=\"wp-block-group alignwide is-vertical is-nowrap is-layout-flex wp-container-core-group-is-layout-7946b6b8 wp-block-group-is-layout-flex\" style=\"padding-top:0;padding-right:0;padding-bottom:0;padding-left:0\">\n<div class=\"wp-block-columns alignwide is-layout-flex wp-container-core-columns-is-layout-21b20327 wp-block-columns-is-layout-flex\">\n<div class=\"wp-block-column is-vertically-aligned-center is-layout-flow wp-block-column-is-layout-flow\" style=\"flex-basis:33.38%\">\n<p class=\"has-text-color\" style=\"color:#000000;font-size:17px\">Cr\u00e9ation sur mesure de l\u2019\u00e9tiquette pour la cuv\u00e9e<em> Zitoun<\/em> de <strong>Thibault St\u00e9phan<\/strong>, vigneron nature pr\u00e8s de Saumur, dans le Maine-et-Loire.<\/p>\n\n\n\n<hr class=\"wp-block-separator has-alpha-channel-opacity\"\/>\n\n\n\n<ul class=\"wp-block-list\">\n<li>\u00c9tiquette pour bib<\/li>\n<\/ul>\n<\/div>\n\n\n\n<div class=\"wp-block-column is-layout-flow wp-block-column-is-layout-flow\" style=\"flex-basis:33%\">\n<figure class=\"wp-block-gallery has-nested-images columns-default is-cropped wp-block-gallery-1 is-layout-flex wp-block-gallery-is-layout-flex\">\n<figure class=\"wp-block-image size-full\"><img loading=\"lazy\" decoding=\"async\" width=\"2560\" height=\"2560\" data-id=\"707\" src=\"http:\/\/sansserif.fr\/wp-content\/uploads\/2026\/02\/BIB-3-scaled.jpg\" alt=\"\" class=\"wp-image-707\" srcset=\"https:\/\/sansserif.fr\/wp-content\/uploads\/2026\/02\/BIB-3-scaled.jpg 2560w, https:\/\/sansserif.fr\/wp-content\/uploads\/2026\/02\/BIB-3-300x300.jpg 300w, https:\/\/sansserif.fr\/wp-content\/uploads\/2026\/02\/BIB-3-1024x1024.jpg 1024w, https:\/\/sansserif.fr\/wp-content\/uploads\/2026\/02\/BIB-3-150x150.jpg 150w, https:\/\/sansserif.fr\/wp-content\/uploads\/2026\/02\/BIB-3-768x768.jpg 768w, https:\/\/sansserif.fr\/wp-content\/uploads\/2026\/02\/BIB-3-1536x1536.jpg 1536w, https:\/\/sansserif.fr\/wp-content\/uploads\/2026\/02\/BIB-3-2048x2048.jpg 2048w\" sizes=\"auto, (max-width: 2560px) 100vw, 2560px\" \/><\/figure>\n<\/figure>\n<\/div>\n\n\n\n<div class=\"wp-block-column is-layout-flow wp-block-column-is-layout-flow\" style=\"flex-basis:33.62%\">\n<figure class=\"wp-block-image size-full\"><img loading=\"lazy\" decoding=\"async\" width=\"1123\" height=\"1238\" src=\"http:\/\/sansserif.fr\/wp-content\/uploads\/2026\/02\/BIB-4.jpg\" alt=\"\" class=\"wp-image-708\" style=\"aspect-ratio:0.9071081537811576\" srcset=\"https:\/\/sansserif.fr\/wp-content\/uploads\/2026\/02\/BIB-4.jpg 1123w, https:\/\/sansserif.fr\/wp-content\/uploads\/2026\/02\/BIB-4-272x300.jpg 272w, https:\/\/sansserif.fr\/wp-content\/uploads\/2026\/02\/BIB-4-929x1024.jpg 929w, https:\/\/sansserif.fr\/wp-content\/uploads\/2026\/02\/BIB-4-768x847.jpg 768w\" sizes=\"auto, (max-width: 1123px) 100vw, 1123px\" \/><\/figure>\n<\/div>\n<\/div>\n\n\n\n<div class=\"wp-block-columns alignwide are-vertically-aligned-center is-layout-flex wp-container-core-columns-is-layout-c24efe4f wp-block-columns-is-layout-flex\">\n<div class=\"wp-block-column is-vertically-aligned-center is-layout-flow wp-block-column-is-layout-flow\" style=\"flex-basis:69%\">\n<figure class=\"wp-block-image size-full\"><img loading=\"lazy\" decoding=\"async\" width=\"2560\" height=\"1920\" src=\"http:\/\/sansserif.fr\/wp-content\/uploads\/2026\/02\/BIB-2-scaled.png\" alt=\"\" class=\"wp-image-706\" srcset=\"https:\/\/sansserif.fr\/wp-content\/uploads\/2026\/02\/BIB-2-scaled.png 2560w, https:\/\/sansserif.fr\/wp-content\/uploads\/2026\/02\/BIB-2-300x225.png 300w, https:\/\/sansserif.fr\/wp-content\/uploads\/2026\/02\/BIB-2-1024x768.png 1024w, https:\/\/sansserif.fr\/wp-content\/uploads\/2026\/02\/BIB-2-768x576.png 768w, https:\/\/sansserif.fr\/wp-content\/uploads\/2026\/02\/BIB-2-1536x1152.png 1536w, https:\/\/sansserif.fr\/wp-content\/uploads\/2026\/02\/BIB-2-2048x1536.png 2048w\" sizes=\"auto, (max-width: 2560px) 100vw, 2560px\" \/><figcaption class=\"wp-element-caption\">Cuv\u00e9e Zitoun du <strong>Domaine<\/strong> <strong>Thibault St\u00e9phan<\/strong><\/figcaption><\/figure>\n<\/div>\n\n\n\n<div class=\"wp-block-column is-vertically-aligned-center is-layout-flow wp-block-column-is-layout-flow\" style=\"flex-basis:33%\">\n<p>Dans le cadre de ce projet, nous avons pens\u00e9 une peinture color\u00e9e qui illustre tr\u00e8s bien l\u2019esprit de ce vin blanc \u00e0 partager entre copains ! <br><br>Con\u00e7ue sp\u00e9cialement pour ce projet, l\u2019\u00e9tiquette est plac\u00e9e sur 2 faces du bib, visible \u00e0 la fois sur le comptoir et sur l\u2019\u00e9tag\u00e8re du caviste.<br><br>Merci \u00e0 <strong>Domaine<\/strong> <strong>Thibault St\u00e9phan<\/strong> pour la confiance et la libert\u00e9 sur ce beau projet. <\/p>\n<\/div>\n<\/div>\n<\/div>\n<\/div>\n\n\n\n<p><\/p>\n","protected":false},"excerpt":{"rendered":"<p>Graphisme Cuv\u00e9e Zitoun Cr\u00e9ation sur mesure de l\u2019\u00e9tiquette pour la cuv\u00e9e Zitoun de Thibault St\u00e9phan, vigneron nature pr\u00e8s de Saumur, dans le Maine-et-Loire. Dans le cadre de ce projet, nous avons pens\u00e9 une peinture color\u00e9e qui illustre tr\u00e8s bien l\u2019esprit de ce vin blanc \u00e0 partager entre copains ! Con\u00e7ue sp\u00e9cialement pour ce projet, l\u2019\u00e9tiquette [&hellip;]<\/p>\n","protected":false},"author":1,"featured_media":0,"parent":0,"menu_order":0,"comment_status":"closed","ping_status":"closed","template":"","meta":{"footnotes":""},"class_list":["post-726","page","type-page","status-publish","hentry"],"_links":{"self":[{"href":"https:\/\/sansserif.fr\/index.php?rest_route=\/wp\/v2\/pages\/726","targetHints":{"allow":["GET"]}}],"collection":[{"href":"https:\/\/sansserif.fr\/index.php?rest_route=\/wp\/v2\/pages"}],"about":[{"href":"https:\/\/sansserif.fr\/index.php?rest_route=\/wp\/v2\/types\/page"}],"author":[{"embeddable":true,"href":"https:\/\/sansserif.fr\/index.php?rest_route=\/wp\/v2\/users\/1"}],"replies":[{"embeddable":true,"href":"https:\/\/sansserif.fr\/index.php?rest_route=%2Fwp%2Fv2%2Fcomments&post=726"}],"version-history":[{"count":14,"href":"https:\/\/sansserif.fr\/index.php?rest_route=\/wp\/v2\/pages\/726\/revisions"}],"predecessor-version":[{"id":745,"href":"https:\/\/sansserif.fr\/index.php?rest_route=\/wp\/v2\/pages\/726\/revisions\/745"}],"wp:attachment":[{"href":"https:\/\/sansserif.fr\/index.php?rest_route=%2Fwp%2Fv2%2Fmedia&parent=726"}],"curies":[{"name":"wp","href":"https:\/\/api.w.org\/{rel}","templated":true}]}}