{"id":703,"date":"2026-02-20T12:13:11","date_gmt":"2026-02-20T11:13:11","guid":{"rendered":"https:\/\/sansserif.fr\/?page_id=703"},"modified":"2026-02-20T12:48:33","modified_gmt":"2026-02-20T11:48:33","slug":"napta-avocat","status":"publish","type":"page","link":"https:\/\/sansserif.fr\/?page_id=703","title":{"rendered":"NAPTA Avocat"},"content":{"rendered":"\n<div class=\"wp-block-group alignfull has-ti-bg-background-color has-background is-layout-flow wp-block-group-is-layout-flow\" style=\"padding-top:6vw;padding-right:6vw;padding-bottom:6vw;padding-left:6vw\">\n<div class=\"wp-block-group is-vertical is-nowrap is-layout-flex wp-container-core-group-is-layout-36fd9ea3 wp-block-group-is-layout-flex\" style=\"padding-right:0;padding-left:0\">\n<h6 class=\"wp-block-heading has-text-color\" id=\"ecosystem\" style=\"color:#000000;font-size:16px\">Branding<\/h6>\n\n\n\n<p class=\"has-text-color\" style=\"color:#000000;font-size:6vw;font-style:normal;font-weight:700;letter-spacing:0px;line-height:0.9;text-decoration:none;text-transform:none\">Cabinet NAPTA.<\/p>\n<\/div>\n\n\n\n<div style=\"height:1vw\" aria-hidden=\"true\" class=\"wp-block-spacer\"><\/div>\n\n\n\n<div class=\"wp-block-group alignwide is-vertical is-nowrap is-layout-flex wp-container-core-group-is-layout-7946b6b8 wp-block-group-is-layout-flex\" style=\"padding-top:0;padding-right:0;padding-bottom:0;padding-left:0\">\n<div class=\"wp-block-columns alignwide is-layout-flex wp-container-core-columns-is-layout-21b20327 wp-block-columns-is-layout-flex\">\n<div class=\"wp-block-column is-layout-flow wp-block-column-is-layout-flow\" style=\"flex-basis:33.38%\">\n<p class=\"has-text-color\" style=\"color:#000000;font-size:17px\">\u00c9milie Dumont, avocate en droit rural, souhaitait une identit\u00e9 visuelle pour son nouveau cabinet \u00e0 Rouen, en Seine-Maritime. <\/p>\n\n\n\n<p class=\"has-text-color\" style=\"color:#000000;font-size:17px\">Ma\u00eetre Dumont y accompagne les exploitants, les bailleurs, et les acteurs du monde agricole \u00e0 chaque \u00e9tape de leurs projets agricoles et d\u00e9fend leurs int\u00e9r\u00eats devant les juridictions comp\u00e9tentes.<\/p>\n\n\n\n<hr class=\"wp-block-separator has-alpha-channel-opacity\"\/>\n\n\n\n<ul class=\"wp-block-list\">\n<li>Identit\u00e9 visuelle<\/li>\n\n\n\n<li>Logo<\/li>\n\n\n\n<li>Papeterie<\/li>\n<\/ul>\n<\/div>\n\n\n\n<div class=\"wp-block-column is-layout-flow wp-block-column-is-layout-flow\" style=\"flex-basis:33%\">\n<div style=\"height:2vw\" aria-hidden=\"true\" class=\"wp-block-spacer\"><\/div>\n\n\n\n<figure class=\"wp-block-gallery has-nested-images columns-default is-cropped wp-block-gallery-1 is-layout-flex wp-block-gallery-is-layout-flex\">\n<figure class=\"wp-block-image size-full\"><img loading=\"lazy\" decoding=\"async\" width=\"2560\" height=\"2560\" data-id=\"713\" src=\"http:\/\/sansserif.fr\/wp-content\/uploads\/2026\/02\/NATPA-3-2-scaled.jpg\" alt=\"\" class=\"wp-image-713\" srcset=\"https:\/\/sansserif.fr\/wp-content\/uploads\/2026\/02\/NATPA-3-2-scaled.jpg 2560w, https:\/\/sansserif.fr\/wp-content\/uploads\/2026\/02\/NATPA-3-2-300x300.jpg 300w, https:\/\/sansserif.fr\/wp-content\/uploads\/2026\/02\/NATPA-3-2-1024x1024.jpg 1024w, https:\/\/sansserif.fr\/wp-content\/uploads\/2026\/02\/NATPA-3-2-150x150.jpg 150w, https:\/\/sansserif.fr\/wp-content\/uploads\/2026\/02\/NATPA-3-2-768x768.jpg 768w, https:\/\/sansserif.fr\/wp-content\/uploads\/2026\/02\/NATPA-3-2-1536x1536.jpg 1536w, https:\/\/sansserif.fr\/wp-content\/uploads\/2026\/02\/NATPA-3-2-2048x2048.jpg 2048w\" sizes=\"auto, (max-width: 2560px) 100vw, 2560px\" \/><\/figure>\n<\/figure>\n<\/div>\n\n\n\n<div class=\"wp-block-column is-layout-flow wp-block-column-is-layout-flow\" style=\"flex-basis:33.62%\">\n<figure class=\"wp-block-image size-full\"><img loading=\"lazy\" decoding=\"async\" width=\"1828\" height=\"1191\" src=\"http:\/\/sansserif.fr\/wp-content\/uploads\/2026\/02\/NATPA-2.jpg\" alt=\"\" class=\"wp-image-710\" srcset=\"https:\/\/sansserif.fr\/wp-content\/uploads\/2026\/02\/NATPA-2.jpg 1828w, https:\/\/sansserif.fr\/wp-content\/uploads\/2026\/02\/NATPA-2-300x195.jpg 300w, https:\/\/sansserif.fr\/wp-content\/uploads\/2026\/02\/NATPA-2-1024x667.jpg 1024w, https:\/\/sansserif.fr\/wp-content\/uploads\/2026\/02\/NATPA-2-768x500.jpg 768w, https:\/\/sansserif.fr\/wp-content\/uploads\/2026\/02\/NATPA-2-1536x1001.jpg 1536w\" sizes=\"auto, (max-width: 1828px) 100vw, 1828px\" \/><figcaption class=\"wp-element-caption\">papeterie NAPTA<\/figcaption><\/figure>\n<\/div>\n<\/div>\n\n\n\n<div class=\"wp-block-columns alignwide is-layout-flex wp-container-core-columns-is-layout-c24efe4f wp-block-columns-is-layout-flex\">\n<div class=\"wp-block-column is-layout-flow wp-block-column-is-layout-flow\" style=\"flex-basis:69%\">\n<figure class=\"wp-block-image size-full\"><img loading=\"lazy\" decoding=\"async\" width=\"1725\" height=\"1294\" src=\"http:\/\/sansserif.fr\/wp-content\/uploads\/2026\/02\/NATPA-1.jpg\" alt=\"\" class=\"wp-image-709\" srcset=\"https:\/\/sansserif.fr\/wp-content\/uploads\/2026\/02\/NATPA-1.jpg 1725w, https:\/\/sansserif.fr\/wp-content\/uploads\/2026\/02\/NATPA-1-300x225.jpg 300w, https:\/\/sansserif.fr\/wp-content\/uploads\/2026\/02\/NATPA-1-1024x768.jpg 1024w, https:\/\/sansserif.fr\/wp-content\/uploads\/2026\/02\/NATPA-1-768x576.jpg 768w, https:\/\/sansserif.fr\/wp-content\/uploads\/2026\/02\/NATPA-1-1536x1152.jpg 1536w\" sizes=\"auto, (max-width: 1725px) 100vw, 1725px\" \/><figcaption class=\"wp-element-caption\">carte de visite NATPA recto-verso<\/figcaption><\/figure>\n<\/div>\n\n\n\n<div class=\"wp-block-column is-vertically-aligned-center is-layout-flow wp-block-column-is-layout-flow\" style=\"flex-basis:33%\">\n<p>La typographie choisie pour le logo \u00e9voque \u00e0 la fois les contours de la loi mais aussi les lignes que l\u2019on peut observer dans un paysage rural. <br>Une subtilit\u00e9 qui a plu \u00e0 \u00c9milie qui ne souhaitait pas de r\u00e9f\u00e9rences trop \u00e9videntes au domaine de la justice ni \u00e0 la campagne<\/p>\n\n\n\n<p>Dans la continuit\u00e9 du logo NAPTA Avocat, le design des cartes de visite et de la papeterie a \u00e9t\u00e9 pens\u00e9 dans un esprit sobre mais efficace.<br><br>D\u00e9couvrez l&rsquo;accompagnement juridique de Ma\u00eetre \u00c9milie Dumont, avocate au barreau de Rouen, sur<a href=\"https:\/\/www.napta-avocat.fr\/\" data-type=\"link\" data-id=\"https:\/\/www.napta-avocat.fr\/\"> <strong>www.napta-avocat.fr<\/strong><\/a><\/p>\n<\/div>\n<\/div>\n<\/div>\n<\/div>\n\n\n\n<p><\/p>\n","protected":false},"excerpt":{"rendered":"<p>Branding Cabinet NAPTA. \u00c9milie Dumont, avocate en droit rural, souhaitait une identit\u00e9 visuelle pour son nouveau cabinet \u00e0 Rouen, en Seine-Maritime. Ma\u00eetre Dumont y accompagne les exploitants, les bailleurs, et les acteurs du monde agricole \u00e0 chaque \u00e9tape de leurs projets agricoles et d\u00e9fend leurs int\u00e9r\u00eats devant les juridictions comp\u00e9tentes. La typographie choisie pour le [&hellip;]<\/p>\n","protected":false},"author":1,"featured_media":0,"parent":0,"menu_order":0,"comment_status":"closed","ping_status":"closed","template":"","meta":{"footnotes":""},"class_list":["post-703","page","type-page","status-publish","hentry"],"_links":{"self":[{"href":"https:\/\/sansserif.fr\/index.php?rest_route=\/wp\/v2\/pages\/703","targetHints":{"allow":["GET"]}}],"collection":[{"href":"https:\/\/sansserif.fr\/index.php?rest_route=\/wp\/v2\/pages"}],"about":[{"href":"https:\/\/sansserif.fr\/index.php?rest_route=\/wp\/v2\/types\/page"}],"author":[{"embeddable":true,"href":"https:\/\/sansserif.fr\/index.php?rest_route=\/wp\/v2\/users\/1"}],"replies":[{"embeddable":true,"href":"https:\/\/sansserif.fr\/index.php?rest_route=%2Fwp%2Fv2%2Fcomments&post=703"}],"version-history":[{"count":11,"href":"https:\/\/sansserif.fr\/index.php?rest_route=\/wp\/v2\/pages\/703\/revisions"}],"predecessor-version":[{"id":747,"href":"https:\/\/sansserif.fr\/index.php?rest_route=\/wp\/v2\/pages\/703\/revisions\/747"}],"wp:attachment":[{"href":"https:\/\/sansserif.fr\/index.php?rest_route=%2Fwp%2Fv2%2Fmedia&parent=703"}],"curies":[{"name":"wp","href":"https:\/\/api.w.org\/{rel}","templated":true}]}}